{"id":5943,"date":"2022-02-18T16:45:43","date_gmt":"2022-02-18T15:45:43","guid":{"rendered":"https:\/\/lacanonicasuite.it\/struttura\/"},"modified":"2023-05-25T08:17:58","modified_gmt":"2023-05-25T06:17:58","slug":"struktur","status":"publish","type":"page","link":"https:\/\/lacanonicasuite.it\/de\/struktur\/","title":{"rendered":"Struktur"},"content":{"rendered":"<div class=\"wpb-content-wrapper\"><p>[vc_row gap=&#8220;30&#8243; content_placement=&#8220;middle&#8220; row_content_width=&#8220;grid&#8220; css=&#8220;.vc_custom_1645447113927{margin-top: 50px !important;}&#8220;][vc_column width=&#8220;1\/2&#8243;][vc_custom_heading text=&#8220;Entspannung? Aktivurlaub? Kultur?<br \/>\nLa Canonica ist ideal f\u00fcr alle Bed\u00fcrfnisse.&#8220; font_container=&#8220;tag:h3|text_align:left&#8220; use_theme_fonts=&#8220;yes&#8220;][vc_column_text]Der <strong>historische Geb\u00e4udekomplex &#8222;Canonica&#8220;<\/strong> aus dem <strong>16. Jahrhundert<\/strong> befindet sich in <strong>der Altstadt von Villazzano<\/strong> und war urspr\u00fcnglich ein kirchliches Empfangsgeb\u00e4ude mit Wohnr\u00e4umen in den oberen Stockwerken und einer Bischofswohnung im Dachgeschoss, die sich durch <strong>dicke Holzbalken und einen quadratischen zentralen Saal<\/strong> mit einem <strong>wertvollen venezianischen Mosaik<\/strong> im Fu\u00dfboden auszeichnet.<\/p>\n<p>Der gesamte Palazzo scheint in der Vergangenheit als <strong>Unterkunft f\u00fcr die Teilnehmer des Konzils von Trient (1545-1563)<\/strong> und sp\u00e4ter bis heute als Pfarrhaus und Dienstgeb\u00e4ude f\u00fcr die \u00f6rtliche Gemeinde gedient zu haben.<\/p>\n<p>Vor kurzem wurde es unter der Aufsicht der Oberaufsicht f\u00fcr das Kulturerbe <strong>sorgf\u00e4ltig restauriert, um die Innenr\u00e4ume zu modernisieren und an die neuen Anforderungen des Tourismus und der Beherbergung anzupassen<\/strong>, wobei die historische Patina, die das Geb\u00e4ude charakterisiert, erhalten wurde, um die alten R\u00e4ume zu nutzen und den G\u00e4sten Qualit\u00e4t, Komfort und Entspannung auf h\u00f6chstem Niveau zu bieten.[\/vc_column_text][\/vc_column][vc_column width=&#8220;1\/2&#8243;]<div class=\"mkdf-single-image-holder   \">\n    <div class=\"mkdf-si-inner\" style=\"background-image: url(https:\/\/lacanonicasuite.it\/wp-content\/uploads\/2023\/04\/esterni-_DSC0824-1200x800-1.jpg)\">\n                                    <img loading=\"lazy\" decoding=\"async\" width=\"1200\" height=\"801\" src=\"https:\/\/lacanonicasuite.it\/wp-content\/uploads\/2023\/04\/esterni-_DSC0824-1200x800-1.jpg\" class=\"attachment-full size-full\" alt=\"\" srcset=\"https:\/\/lacanonicasuite.it\/wp-content\/uploads\/2023\/04\/esterni-_DSC0824-1200x800-1.jpg 1200w, https:\/\/lacanonicasuite.it\/wp-content\/uploads\/2023\/04\/esterni-_DSC0824-1200x800-1-300x200.jpg 300w, https:\/\/lacanonicasuite.it\/wp-content\/uploads\/2023\/04\/esterni-_DSC0824-1200x800-1-1024x684.jpg 1024w, https:\/\/lacanonicasuite.it\/wp-content\/uploads\/2023\/04\/esterni-_DSC0824-1200x800-1-768x513.jpg 768w\" sizes=\"(max-width: 1200px) 100vw, 1200px\" \/>                        <\/div>\n<\/div>[\/vc_column][\/vc_row][vc_row gap=&#8220;30&#8243; content_placement=&#8220;middle&#8220; row_content_width=&#8220;grid&#8220; css=&#8220;.vc_custom_1676898370319{margin-top: 50px !important;}&#8220; el_class=&#8220;desksi&#8220;][vc_column width=&#8220;1\/2&#8243;]<div class=\"mkdf-single-image-holder   \">\n    <div class=\"mkdf-si-inner\" style=\"background-image: url(https:\/\/lacanonicasuite.it\/wp-content\/uploads\/2023\/04\/esterni-_DSC0792-1200x800-1.jpg)\">\n                                    <img loading=\"lazy\" decoding=\"async\" width=\"1200\" height=\"801\" src=\"https:\/\/lacanonicasuite.it\/wp-content\/uploads\/2023\/04\/esterni-_DSC0792-1200x800-1.jpg\" class=\"attachment-full size-full\" alt=\"\" srcset=\"https:\/\/lacanonicasuite.it\/wp-content\/uploads\/2023\/04\/esterni-_DSC0792-1200x800-1.jpg 1200w, https:\/\/lacanonicasuite.it\/wp-content\/uploads\/2023\/04\/esterni-_DSC0792-1200x800-1-300x200.jpg 300w, https:\/\/lacanonicasuite.it\/wp-content\/uploads\/2023\/04\/esterni-_DSC0792-1200x800-1-1024x684.jpg 1024w, https:\/\/lacanonicasuite.it\/wp-content\/uploads\/2023\/04\/esterni-_DSC0792-1200x800-1-768x513.jpg 768w\" sizes=\"(max-width: 1200px) 100vw, 1200px\" \/>                        <\/div>\n<\/div>[\/vc_column][vc_column width=&#8220;1\/2&#8243;][vc_custom_heading text=&#8220;Bequemes Parken&#8220; font_container=&#8220;tag:h3|text_align:left&#8220; use_theme_fonts=&#8220;yes&#8220;][vc_column_text]Das Hotel verf\u00fcgt \u00fcber bequeme <strong>kostenlose Parkpl\u00e4tze.<\/strong>[\/vc_column_text][\/vc_column][\/vc_row][vc_row gap=&#8220;30&#8243; content_placement=&#8220;middle&#8220; row_content_width=&#8220;grid&#8220; css=&#8220;.vc_custom_1676898381312{margin-top: 50px !important;}&#8220; el_class=&#8220;mobsi&#8220;][vc_column width=&#8220;1\/2&#8243;][vc_custom_heading text=&#8220;Bequemes Parken&#8220; font_container=&#8220;tag:h3|text_align:left&#8220; use_theme_fonts=&#8220;yes&#8220;][vc_column_text]Das Hotel verf\u00fcgt \u00fcber bequeme <strong>kostenlose Parkpl\u00e4tze.<\/strong>[\/vc_column_text][\/vc_column][vc_column width=&#8220;1\/2&#8243;]<div class=\"mkdf-single-image-holder   \">\n    <div class=\"mkdf-si-inner\" style=\"background-image: url(https:\/\/lacanonicasuite.it\/wp-content\/uploads\/2023\/04\/esterni-_DSC0792-1200x800-1.jpg)\">\n                                    <img loading=\"lazy\" decoding=\"async\" width=\"1200\" height=\"801\" src=\"https:\/\/lacanonicasuite.it\/wp-content\/uploads\/2023\/04\/esterni-_DSC0792-1200x800-1.jpg\" class=\"attachment-full size-full\" alt=\"\" srcset=\"https:\/\/lacanonicasuite.it\/wp-content\/uploads\/2023\/04\/esterni-_DSC0792-1200x800-1.jpg 1200w, https:\/\/lacanonicasuite.it\/wp-content\/uploads\/2023\/04\/esterni-_DSC0792-1200x800-1-300x200.jpg 300w, https:\/\/lacanonicasuite.it\/wp-content\/uploads\/2023\/04\/esterni-_DSC0792-1200x800-1-1024x684.jpg 1024w, https:\/\/lacanonicasuite.it\/wp-content\/uploads\/2023\/04\/esterni-_DSC0792-1200x800-1-768x513.jpg 768w\" sizes=\"(max-width: 1200px) 100vw, 1200px\" \/>                        <\/div>\n<\/div>[\/vc_column][\/vc_row][vc_row gap=&#8220;30&#8243; rtl_reverse=&#8220;yes&#8220; content_placement=&#8220;middle&#8220; row_content_width=&#8220;grid&#8220; css=&#8220;.vc_custom_1657171310449{margin-top: 50px !important;}&#8220;][vc_column width=&#8220;1\/2&#8243;][vc_custom_heading text=&#8220;Erholung, Kultur und Sport in Reichweite&#8220; font_container=&#8220;tag:h3|text_align:left&#8220; use_theme_fonts=&#8220;yes&#8220;][vc_column_text]Das <strong>historische Zentrum von Trient ist nur wenige Kilometer entfernt<\/strong>: <strong>Einkaufszentren, Restaurants, Bars, Apotheken und Krankenh\u00e4user<\/strong> sind leicht erreichbar.<\/p>\n<p>Die Einrichtung bietet verschiedene L\u00f6sungen an, die sich alle durch <strong>Qualit\u00e4t und Komfort<\/strong> auszeichnen und <strong>eine angenehme und entspannende Atmosph\u00e4re<\/strong> schaffen sollen.[\/vc_column_text][\/vc_column][vc_column width=&#8220;1\/2&#8243;]<div class=\"mkdf-single-image-holder   \">\n    <div class=\"mkdf-si-inner\" style=\"background-image: url(https:\/\/lacanonicasuite.it\/wp-content\/uploads\/2023\/02\/muse.jpg)\">\n                                    <img loading=\"lazy\" decoding=\"async\" width=\"1200\" height=\"867\" src=\"https:\/\/lacanonicasuite.it\/wp-content\/uploads\/2023\/02\/muse.jpg\" class=\"attachment-full size-full\" alt=\"\" srcset=\"https:\/\/lacanonicasuite.it\/wp-content\/uploads\/2023\/02\/muse.jpg 1200w, https:\/\/lacanonicasuite.it\/wp-content\/uploads\/2023\/02\/muse-300x217.jpg 300w, https:\/\/lacanonicasuite.it\/wp-content\/uploads\/2023\/02\/muse-1024x740.jpg 1024w, https:\/\/lacanonicasuite.it\/wp-content\/uploads\/2023\/02\/muse-768x555.jpg 768w\" sizes=\"(max-width: 1200px) 100vw, 1200px\" \/>                        <\/div>\n<\/div>[\/vc_column][\/vc_row][vc_row content_placement=&#8220;middle&#8220; css=&#8220;.vc_custom_1657200518742{margin-top: 50px !important;margin-bottom: 20px !important;background-color: #f2f2f2 !important;}&#8220; simple_background_color=&#8220;#f2f2f2&#8243;][vc_column][vc_row_inner][vc_column_inner width=&#8220;1\/4&#8243;]<div  class=\"mkdf-icon-box-holder inside-icon border-disabled rounded-corners-disabled animate-icon-box animate-entire-box dark-shadow\">\n            <div class=\"mkdf-icon-box-overlay\" style=\"background-color:#ffffff\"><\/div>\n        <div class=\"mkdf-icon-box-holder-inner\" >\n                    <div class=\"mkdf-icon-box-icon-holder\">\n                    <span class=\"mkdf-icon-shortcode mkdf-normal   \"  >\n                    <i class=\"mkdf-icon-font-awesome fa fa-car mkdf-icon-element\" style=\"\" ><\/i>            <\/span>\n            <\/div>\n                <div class=\"mkdf-icon-box-text-holder\">\n                            <div class=\"mkdf-icon-box-title\">\n                    <h4  >\n                        Parken                    <\/h4>\n                <\/div>\n                                <\/div>\n    <\/div>\n<\/div>[vc_empty_space height=&#8220;25px&#8220;][\/vc_column_inner][vc_column_inner width=&#8220;1\/4&#8243;]<div style=\"background-color:rgba(0,0,0,0)\" class=\"mkdf-icon-box-holder inside-icon border-disabled rounded-corners-disabled animate-icon-box animate-entire-box dark-shadow\">\n            <div class=\"mkdf-icon-box-overlay\" style=\"background-color:#ffffff\"><\/div>\n        <div class=\"mkdf-icon-box-holder-inner\" >\n                    <div class=\"mkdf-icon-box-icon-holder\">\n                    <span class=\"mkdf-icon-shortcode mkdf-normal   \"  >\n                    <i class=\"mkdf-icon-font-awesome fa fa-snowflake-o mkdf-icon-element\" style=\"\" ><\/i>            <\/span>\n            <\/div>\n                <div class=\"mkdf-icon-box-text-holder\">\n                            <div class=\"mkdf-icon-box-title\">\n                    <h4  >\n                        Klimaanlage                    <\/h4>\n                <\/div>\n                                <\/div>\n    <\/div>\n<\/div>[vc_empty_space height=&#8220;25px&#8220;][\/vc_column_inner][vc_column_inner width=&#8220;1\/4&#8243;]<div style=\"background-color:rgba(0,0,0,0)\" class=\"mkdf-icon-box-holder inside-icon border-disabled rounded-corners-disabled animate-icon-box animate-entire-box dark-shadow\">\n            <div class=\"mkdf-icon-box-overlay\" style=\"background-color:#ffffff\"><\/div>\n        <div class=\"mkdf-icon-box-holder-inner\" >\n                    <div class=\"mkdf-icon-box-icon-holder\">\n                    <span class=\"mkdf-icon-shortcode mkdf-normal   \"  >\n                    <i class=\"mkdf-icon-font-awesome fa fa-wifi mkdf-icon-element\" style=\"\" ><\/i>            <\/span>\n            <\/div>\n                <div class=\"mkdf-icon-box-text-holder\">\n                            <div class=\"mkdf-icon-box-title\">\n                    <h4  >\n                        Kostenloses WI-FI                    <\/h4>\n                <\/div>\n                                <\/div>\n    <\/div>\n<\/div>[vc_empty_space height=&#8220;25px&#8220;][\/vc_column_inner][vc_column_inner width=&#8220;1\/4&#8243;]<div  class=\"mkdf-icon-box-holder inside-icon border-disabled rounded-corners-disabled animate-icon-box animate-entire-box light-shadow\">\n            <div class=\"mkdf-icon-box-overlay\" style=\"background-color:#ffffff\"><\/div>\n        <div class=\"mkdf-icon-box-holder-inner\" >\n                    <div class=\"mkdf-icon-box-icon-holder\">\n                    <span class=\"mkdf-icon-shortcode mkdf-normal   \"  >\n                    <i class=\"mkdf-icon-font-awesome fa fa-paw mkdf-icon-element\" style=\"\" ><\/i>            <\/span>\n            <\/div>\n                <div class=\"mkdf-icon-box-text-holder\">\n                            <div class=\"mkdf-icon-box-title\">\n                    <h4  >\n                        Kleine Tiere sind nach vorheriger Absprache erlaubt                    <\/h4>\n                <\/div>\n                                <\/div>\n    <\/div>\n<\/div>[vc_empty_space height=&#8220;25px&#8220;][\/vc_column_inner][\/vc_row_inner][vc_btn title=&#8220;mehr Informationen \u00fcber Dienstleistungen&#8220; shape=&#8220;square&#8220; color=&#8220;inverse&#8220; size=&#8220;sm&#8220; align=&#8220;center&#8220; i_icon_fontawesome=&#8220;fas fa-info&#8220; add_icon=&#8220;true&#8220; link=&#8220;url:https%3A%2F%2Flacanonicasuite.it%2Fde%2Fdienstleistungen%2F|title:INFO%20DIENSTLEISTUNGEN%20UND%20AUSR%C3%9CSTUNG&#8220;][\/vc_column][\/vc_row][vc_row row_content_width=&#8220;grid&#8220; css=&#8220;.vc_custom_1657171076633{padding-top: 85px !important;padding-bottom: 80px !important;background-color: #ffffff !important;}&#8220; simple_background_color=&#8220;#ffffff&#8220;][vc_column][vc_custom_heading text=&#8220;Gallery&#8220; font_container=&#8220;tag:h3|text_align:center|color:%232d2e32&#8243; use_theme_fonts=&#8220;yes&#8220; link=&#8220;url:https%3A%2F%2Flacanonicasuite.it%2Fgallery%2F|title:Gallery&#8220;][vc_empty_space height=&#8220;25px&#8220;]<div class=\"mkdf-centered-slider\">\n            <div class=\"mkdf-slider-item\">\n            <img loading=\"lazy\" decoding=\"async\" width=\"1100\" height=\"550\" src=\"https:\/\/lacanonicasuite.it\/wp-content\/uploads\/2023\/04\/esterni-_DSC0795-1200x800-1-1100x550.jpg\" class=\"attachment-kastell_mkdf_landscape size-kastell_mkdf_landscape\" alt=\"\" \/>        <\/div>\n            <div class=\"mkdf-slider-item\">\n            <img loading=\"lazy\" decoding=\"async\" width=\"1100\" height=\"550\" src=\"https:\/\/lacanonicasuite.it\/wp-content\/uploads\/2023\/04\/esterni-_DSC0814-1200x800-1-1100x550.jpg\" class=\"attachment-kastell_mkdf_landscape size-kastell_mkdf_landscape\" alt=\"\" \/>        <\/div>\n            <div class=\"mkdf-slider-item\">\n            <img loading=\"lazy\" decoding=\"async\" width=\"1100\" height=\"550\" src=\"https:\/\/lacanonicasuite.it\/wp-content\/uploads\/2023\/04\/esterni-_DSC0819-1200x800-1-1100x550.jpg\" class=\"attachment-kastell_mkdf_landscape size-kastell_mkdf_landscape\" alt=\"\" \/>        <\/div>\n            <div class=\"mkdf-slider-item\">\n            <img loading=\"lazy\" decoding=\"async\" width=\"1100\" height=\"550\" src=\"https:\/\/lacanonicasuite.it\/wp-content\/uploads\/2023\/04\/esterni-_DSC0825-1200x800-1-1100x550.jpg\" class=\"attachment-kastell_mkdf_landscape size-kastell_mkdf_landscape\" alt=\"\" \/>        <\/div>\n            <div class=\"mkdf-slider-item\">\n            <img loading=\"lazy\" decoding=\"async\" width=\"1100\" height=\"550\" src=\"https:\/\/lacanonicasuite.it\/wp-content\/uploads\/2023\/04\/esterni-_DSC0833-1200x800-1-1100x550.jpg\" class=\"attachment-kastell_mkdf_landscape size-kastell_mkdf_landscape\" alt=\"\" \/>        <\/div>\n            <div class=\"mkdf-slider-item\">\n            <img loading=\"lazy\" decoding=\"async\" width=\"1100\" height=\"550\" src=\"https:\/\/lacanonicasuite.it\/wp-content\/uploads\/2023\/04\/esterni-_DSC0858-1200x800-1-1100x550.jpg\" class=\"attachment-kastell_mkdf_landscape size-kastell_mkdf_landscape\" alt=\"\" \/>        <\/div>\n            <div class=\"mkdf-slider-item\">\n            <img loading=\"lazy\" decoding=\"async\" width=\"1100\" height=\"550\" src=\"https:\/\/lacanonicasuite.it\/wp-content\/uploads\/2023\/04\/esterni-_DSC0871-1200x800-1-1100x550.jpg\" class=\"attachment-kastell_mkdf_landscape size-kastell_mkdf_landscape\" alt=\"\" \/>        <\/div>\n            <div class=\"mkdf-slider-item\">\n            <img loading=\"lazy\" decoding=\"async\" width=\"1100\" height=\"550\" src=\"https:\/\/lacanonicasuite.it\/wp-content\/uploads\/2023\/04\/esterni-_DSC0878-1200x800-1-1100x550.jpg\" class=\"attachment-kastell_mkdf_landscape size-kastell_mkdf_landscape\" alt=\"\" \/>        <\/div>\n    <\/div>[\/vc_column][\/vc_row]<\/p>\n<\/div>","protected":false},"excerpt":{"rendered":"<p>[vc_row gap=&#8220;30&#8243; content_placement=&#8220;middle&#8220; row_content_width=&#8220;grid&#8220; css=&#8220;.vc_custom_1645447113927{margin-top: 50px !important;}&#8220;][vc_column width=&#8220;1\/2&#8243;][vc_custom_heading text=&#8220;Entspannung? Aktivurlaub? Kultur? La Canonica ist ideal f\u00fcr alle Bed\u00fcrfnisse.&#8220; font_container=&#8220;tag:h3|text_align:left&#8220; use_theme_fonts=&#8220;yes&#8220;][vc_column_text]Der historische Geb\u00e4udekomplex &#8222;Canonica&#8220; aus dem 16. Jahrhundert befindet sich in der Altstadt von Villazzano und war urspr\u00fcnglich ein kirchliches Empfangsgeb\u00e4ude mit Wohnr\u00e4umen in den oberen Stockwerken und einer Bischofswohnung im [&hellip;]<\/p>\n","protected":false},"author":1,"featured_media":0,"parent":0,"menu_order":0,"comment_status":"closed","ping_status":"closed","template":"","meta":{"footnotes":""},"yoast_head":"<!-- This site is optimized with the Yoast SEO plugin v22.9 - https:\/\/yoast.com\/wordpress\/plugins\/seo\/ -->\n<title>Struktur - La Canonica<\/title>\n<meta name=\"description\" content=\"Das historische Zentrum von Trient ist nur wenige Kilometer entfernt: Einkaufszentren, Restaurants, Bars, Apotheken und Krankenh\u00e4user sind leicht zu erreichen. Das Hotel bietet verschiedene L\u00f6sungen, die sich alle durch Qualit\u00e4t und Komfort auszeichnen und eine angenehme und entspannende Atmosph\u00e4re schaffen.\" \/>\n<meta name=\"robots\" content=\"index, follow, max-snippet:-1, max-image-preview:large, max-video-preview:-1\" \/>\n<link rel=\"canonical\" href=\"https:\/\/lacanonicasuite.it\/struttura\/\" \/>\n<meta property=\"og:locale\" content=\"de_DE\" \/>\n<meta property=\"og:type\" content=\"article\" \/>\n<meta property=\"og:title\" content=\"Struktur - La Canonica\" \/>\n<meta property=\"og:description\" content=\"Das historische Zentrum von Trient ist nur wenige Kilometer entfernt: Einkaufszentren, Restaurants, Bars, Apotheken und Krankenh\u00e4user sind leicht zu erreichen. Das Hotel bietet verschiedene L\u00f6sungen, die sich alle durch Qualit\u00e4t und Komfort auszeichnen und eine angenehme und entspannende Atmosph\u00e4re schaffen.\" \/>\n<meta property=\"og:url\" content=\"https:\/\/lacanonicasuite.it\/struttura\/\" \/>\n<meta property=\"og:site_name\" content=\"La Canonica\" \/>\n<meta property=\"article:modified_time\" content=\"2023-05-25T06:17:58+00:00\" \/>\n<meta name=\"twitter:card\" content=\"summary_large_image\" \/>\n<meta name=\"twitter:label1\" content=\"Gesch\u00e4tzte Lesezeit\" \/>\n\t<meta name=\"twitter:data1\" content=\"4\u00a0Minuten\" \/>\n<script type=\"application\/ld+json\" class=\"yoast-schema-graph\">{\"@context\":\"https:\/\/schema.org\",\"@graph\":[{\"@type\":\"WebPage\",\"@id\":\"https:\/\/lacanonicasuite.it\/struttura\/\",\"url\":\"https:\/\/lacanonicasuite.it\/struttura\/\",\"name\":\"Struktur - La Canonica\",\"isPartOf\":{\"@id\":\"https:\/\/lacanonicasuite.it\/#website\"},\"datePublished\":\"2022-02-18T15:45:43+00:00\",\"dateModified\":\"2023-05-25T06:17:58+00:00\",\"description\":\"Das historische Zentrum von Trient ist nur wenige Kilometer entfernt: Einkaufszentren, Restaurants, Bars, Apotheken und Krankenh\u00e4user sind leicht zu erreichen. Das Hotel bietet verschiedene L\u00f6sungen, die sich alle durch Qualit\u00e4t und Komfort auszeichnen und eine angenehme und entspannende Atmosph\u00e4re schaffen.\",\"breadcrumb\":{\"@id\":\"https:\/\/lacanonicasuite.it\/struttura\/#breadcrumb\"},\"inLanguage\":\"de\",\"potentialAction\":[{\"@type\":\"ReadAction\",\"target\":[\"https:\/\/lacanonicasuite.it\/struttura\/\"]}]},{\"@type\":\"BreadcrumbList\",\"@id\":\"https:\/\/lacanonicasuite.it\/struttura\/#breadcrumb\",\"itemListElement\":[{\"@type\":\"ListItem\",\"position\":1,\"name\":\"Home\",\"item\":\"https:\/\/lacanonicasuite.it\/de\/\"},{\"@type\":\"ListItem\",\"position\":2,\"name\":\"Struktur\"}]},{\"@type\":\"WebSite\",\"@id\":\"https:\/\/lacanonicasuite.it\/#website\",\"url\":\"https:\/\/lacanonicasuite.it\/\",\"name\":\"La Canonica\",\"description\":\"suite apartments\",\"publisher\":{\"@id\":\"https:\/\/lacanonicasuite.it\/#organization\"},\"potentialAction\":[{\"@type\":\"SearchAction\",\"target\":{\"@type\":\"EntryPoint\",\"urlTemplate\":\"https:\/\/lacanonicasuite.it\/?s={search_term_string}\"},\"query-input\":\"required name=search_term_string\"}],\"inLanguage\":\"de\"},{\"@type\":\"Organization\",\"@id\":\"https:\/\/lacanonicasuite.it\/#organization\",\"name\":\"La Canonica\",\"url\":\"https:\/\/lacanonicasuite.it\/\",\"logo\":{\"@type\":\"ImageObject\",\"inLanguage\":\"de\",\"@id\":\"https:\/\/lacanonicasuite.it\/#\/schema\/logo\/image\/\",\"url\":\"https:\/\/lacanonicasuite.it\/wp-content\/uploads\/2023\/02\/LC.svg\",\"contentUrl\":\"https:\/\/lacanonicasuite.it\/wp-content\/uploads\/2023\/02\/LC.svg\",\"width\":1,\"height\":1,\"caption\":\"La Canonica\"},\"image\":{\"@id\":\"https:\/\/lacanonicasuite.it\/#\/schema\/logo\/image\/\"}}]}<\/script>\n<!-- \/ Yoast SEO plugin. -->","yoast_head_json":{"title":"Struktur - La Canonica","description":"Das historische Zentrum von Trient ist nur wenige Kilometer entfernt: Einkaufszentren, Restaurants, Bars, Apotheken und Krankenh\u00e4user sind leicht zu erreichen. Das Hotel bietet verschiedene L\u00f6sungen, die sich alle durch Qualit\u00e4t und Komfort auszeichnen und eine angenehme und entspannende Atmosph\u00e4re schaffen.","robots":{"index":"index","follow":"follow","max-snippet":"max-snippet:-1","max-image-preview":"max-image-preview:large","max-video-preview":"max-video-preview:-1"},"canonical":"https:\/\/lacanonicasuite.it\/struttura\/","og_locale":"de_DE","og_type":"article","og_title":"Struktur - La Canonica","og_description":"Das historische Zentrum von Trient ist nur wenige Kilometer entfernt: Einkaufszentren, Restaurants, Bars, Apotheken und Krankenh\u00e4user sind leicht zu erreichen. Das Hotel bietet verschiedene L\u00f6sungen, die sich alle durch Qualit\u00e4t und Komfort auszeichnen und eine angenehme und entspannende Atmosph\u00e4re schaffen.","og_url":"https:\/\/lacanonicasuite.it\/struttura\/","og_site_name":"La Canonica","article_modified_time":"2023-05-25T06:17:58+00:00","twitter_card":"summary_large_image","twitter_misc":{"Gesch\u00e4tzte Lesezeit":"4\u00a0Minuten"},"schema":{"@context":"https:\/\/schema.org","@graph":[{"@type":"WebPage","@id":"https:\/\/lacanonicasuite.it\/struttura\/","url":"https:\/\/lacanonicasuite.it\/struttura\/","name":"Struktur - La Canonica","isPartOf":{"@id":"https:\/\/lacanonicasuite.it\/#website"},"datePublished":"2022-02-18T15:45:43+00:00","dateModified":"2023-05-25T06:17:58+00:00","description":"Das historische Zentrum von Trient ist nur wenige Kilometer entfernt: Einkaufszentren, Restaurants, Bars, Apotheken und Krankenh\u00e4user sind leicht zu erreichen. Das Hotel bietet verschiedene L\u00f6sungen, die sich alle durch Qualit\u00e4t und Komfort auszeichnen und eine angenehme und entspannende Atmosph\u00e4re schaffen.","breadcrumb":{"@id":"https:\/\/lacanonicasuite.it\/struttura\/#breadcrumb"},"inLanguage":"de","potentialAction":[{"@type":"ReadAction","target":["https:\/\/lacanonicasuite.it\/struttura\/"]}]},{"@type":"BreadcrumbList","@id":"https:\/\/lacanonicasuite.it\/struttura\/#breadcrumb","itemListElement":[{"@type":"ListItem","position":1,"name":"Home","item":"https:\/\/lacanonicasuite.it\/de\/"},{"@type":"ListItem","position":2,"name":"Struktur"}]},{"@type":"WebSite","@id":"https:\/\/lacanonicasuite.it\/#website","url":"https:\/\/lacanonicasuite.it\/","name":"La Canonica","description":"suite apartments","publisher":{"@id":"https:\/\/lacanonicasuite.it\/#organization"},"potentialAction":[{"@type":"SearchAction","target":{"@type":"EntryPoint","urlTemplate":"https:\/\/lacanonicasuite.it\/?s={search_term_string}"},"query-input":"required name=search_term_string"}],"inLanguage":"de"},{"@type":"Organization","@id":"https:\/\/lacanonicasuite.it\/#organization","name":"La Canonica","url":"https:\/\/lacanonicasuite.it\/","logo":{"@type":"ImageObject","inLanguage":"de","@id":"https:\/\/lacanonicasuite.it\/#\/schema\/logo\/image\/","url":"https:\/\/lacanonicasuite.it\/wp-content\/uploads\/2023\/02\/LC.svg","contentUrl":"https:\/\/lacanonicasuite.it\/wp-content\/uploads\/2023\/02\/LC.svg","width":1,"height":1,"caption":"La Canonica"},"image":{"@id":"https:\/\/lacanonicasuite.it\/#\/schema\/logo\/image\/"}}]}},"_links":{"self":[{"href":"https:\/\/lacanonicasuite.it\/de\/wp-json\/wp\/v2\/pages\/5943"}],"collection":[{"href":"https:\/\/lacanonicasuite.it\/de\/wp-json\/wp\/v2\/pages"}],"about":[{"href":"https:\/\/lacanonicasuite.it\/de\/wp-json\/wp\/v2\/types\/page"}],"author":[{"embeddable":true,"href":"https:\/\/lacanonicasuite.it\/de\/wp-json\/wp\/v2\/users\/1"}],"replies":[{"embeddable":true,"href":"https:\/\/lacanonicasuite.it\/de\/wp-json\/wp\/v2\/comments?post=5943"}],"version-history":[{"count":3,"href":"https:\/\/lacanonicasuite.it\/de\/wp-json\/wp\/v2\/pages\/5943\/revisions"}],"predecessor-version":[{"id":5995,"href":"https:\/\/lacanonicasuite.it\/de\/wp-json\/wp\/v2\/pages\/5943\/revisions\/5995"}],"wp:attachment":[{"href":"https:\/\/lacanonicasuite.it\/de\/wp-json\/wp\/v2\/media?parent=5943"}],"curies":[{"name":"wp","href":"https:\/\/api.w.org\/{rel}","templated":true}]}}