{"id":5958,"date":"2022-02-18T08:43:53","date_gmt":"2022-02-18T07:43:53","guid":{"rendered":"https:\/\/lacanonicasuite.it\/dove-siamo\/"},"modified":"2023-05-25T08:22:48","modified_gmt":"2023-05-25T06:22:48","slug":"wo-wir-sind","status":"publish","type":"page","link":"https:\/\/lacanonicasuite.it\/de\/wo-wir-sind\/","title":{"rendered":"Wo wir sind"},"content":{"rendered":"<div class=\"wpb-content-wrapper\"><p>[vc_row content_placement=&#8220;middle&#8220; row_content_width=&#8220;grid&#8220; content_text_aligment=&#8220;left&#8220; css=&#8220;.vc_custom_1678687828216{padding-top: 30px !important;padding-bottom: 50px !important;}&#8220;][vc_column offset=&#8220;vc_col-lg-6&#8243;][vc_column_text]<iframe loading=\"lazy\" style=\"border: 0;\" src=\"https:\/\/www.google.com\/maps\/embed?pb=!4v1678439898925!6m8!1m7!1sgpZa-Jdpn0cxCHKXiAYytQ!2m2!1d46.04911110110704!2d11.14588549603786!3f353.1833796134899!4f6.682815776247409!5f0.7820865974627469\" width=\"1200\" height=\"900\" allowfullscreen=\"allowfullscreen\"><\/iframe>[\/vc_column_text][vc_empty_space height=&#8220;25px&#8220;][\/vc_column][vc_column offset=&#8220;vc_col-lg-6&#8243;]<div class=\"mkdf-elements-holder   mkdf-one-column  mkdf-responsive-mode-768 \" ><div class=\"mkdf-eh-item    \"  data-item-class=\"mkdf-eh-custom-7971\">\n\t<div class=\"mkdf-eh-item-inner\">\n\t\t<div class=\"mkdf-eh-item-content mkdf-eh-custom-7971\" style=\"padding: 0 0 0 5%\">\n\t\t\t<div class=\"mkdf-section-title-holder  mkdf-st-standard mkdf-st-title-left mkdf-st-normal-space \" style=\"text-align: left\">\n\t<div class=\"mkdf-st-inner\">\n                    <h6 class=\"mkdf-st-subtitle\" style=\"color: #99a0af\">\n                Appartements            <\/h6>\n        \t\t\t\t\t<h2 class=\"mkdf-st-title\" style=\"color: #3e4b59\">\n\t\t\t\tLa Canonica\t\t\t<\/h2>\n\t\t        \t\t\t<\/div>\n<\/div>[vc_empty_space height=&#8220;24px&#8220;][vc_column_text]Die Suiten La Canonica befinden sich in der <strong>ruhigen und eleganten Ortschaft Villazzano<\/strong>, einem Weiler in den H\u00fcgeln von Trient.<\/p>\n<p>Seine Lage macht es <strong>ideal f\u00fcr jede Art von Aufenthalt, ob touristisch oder gesch\u00e4ftlich<\/strong>: in wenigen Minuten erreicht man das historische Zentrum von Trient und in der Umgebung kann man die zahlreichen touristischen, sportlichen und kulturellen Attraktionen nutzen, die das Gebiet zu bieten hat.[\/vc_column_text]\t\t<\/div>\n\t<\/div>\n<\/div><\/div>[vc_empty_space height=&#8220;25px&#8220;][\/vc_column][\/vc_row][vc_row content_placement=&#8220;middle&#8220; row_content_width=&#8220;grid&#8220; content_text_aligment=&#8220;left&#8220; css=&#8220;.vc_custom_1645198113914{padding-top: 30px !important;padding-bottom: 100px !important;}&#8220;][vc_column offset=&#8220;vc_col-lg-6&#8243;]<div class=\"mkdf-elements-holder   mkdf-one-column  mkdf-responsive-mode-768 \" ><div class=\"mkdf-eh-item    \"  data-item-class=\"mkdf-eh-custom-7843\">\n\t<div class=\"mkdf-eh-item-inner\">\n\t\t<div class=\"mkdf-eh-item-content mkdf-eh-custom-7843\" style=\"padding: 0 0 0 5%\">\n\t\t\t<div class=\"mkdf-section-title-holder  mkdf-st-standard mkdf-st-title-left mkdf-st-normal-space \" style=\"text-align: left\">\n\t<div class=\"mkdf-st-inner\">\n                    <h6 class=\"mkdf-st-subtitle\" style=\"color: #99a0af\">\n                Umgebung            <\/h6>\n        \t\t\t\t\t<h2 class=\"mkdf-st-title\" style=\"color: #3e4b59\">\n\t\t\t\tLa Canonica\t\t\t<\/h2>\n\t\t        \t\t\t<\/div>\n<\/div>[vc_empty_space height=&#8220;24px&#8220;][vc_column_text]<strong>Die Haltestelle der Urban Line ist nur wenige Meter vom Hotel<\/strong> entfernt und erm\u00f6glicht es Ihnen, die <strong>Piazza Duomo<\/strong> oder das <strong>Schloss <a href=\"https:\/\/www.buonconsiglio.it\/\" target=\"_blank\" rel=\"noopener\">Buonconsiglio<\/a><\/strong> (5,6 km), das <strong>Wissenschaftsmuseum <a href=\"https:\/\/www.muse.it\/\" target=\"_blank\" rel=\"noopener\">MUSE\u00a0<\/a><\/strong>(6,4 km), die <strong><a href=\"https:\/\/www.unitn.it\/\" target=\"_blank\" rel=\"noopener\">Universit\u00e4ten der Stadt Trient<\/a> <\/strong>(5 km) und den Universit\u00e4tscampus Povo (2,3 km) bequem mit \u00f6ffentlichen Verkehrsmitteln zu erreichen.<\/p>\n<p><strong>Wenn Sie die Natur und Aktivit\u00e4ten in der freien Natur lieben, bietet Ihnen die Region sowohl im Sommer als auch im Winter ein unvergleichliches Angebot<\/strong>: wunderbare Wanderungen f\u00fcr alle Schwierigkeitsgrade, Radwege, auf denen Sie die Gegend sicher erkunden k\u00f6nnen, erstklassige Einrichtungen f\u00fcr den Wintersport.[\/vc_column_text]\t\t<\/div>\n\t<\/div>\n<\/div><\/div>[vc_empty_space height=&#8220;25px&#8220;][\/vc_column][vc_column offset=&#8220;vc_col-lg-6&#8243;][vc_empty_space height=&#8220;25px&#8220;]<div class=\"mkdf-single-image-holder   \">\n    <div class=\"mkdf-si-inner\" style=\"background-image: url(https:\/\/lacanonicasuite.it\/wp-content\/uploads\/2023\/04\/drone-DJI_0008-1200x800-1.jpg)\">\n                                    <img loading=\"lazy\" decoding=\"async\" width=\"1200\" height=\"800\" src=\"https:\/\/lacanonicasuite.it\/wp-content\/uploads\/2023\/04\/drone-DJI_0008-1200x800-1.jpg\" class=\"attachment-full size-full\" alt=\"\" srcset=\"https:\/\/lacanonicasuite.it\/wp-content\/uploads\/2023\/04\/drone-DJI_0008-1200x800-1.jpg 1200w, https:\/\/lacanonicasuite.it\/wp-content\/uploads\/2023\/04\/drone-DJI_0008-1200x800-1-300x200.jpg 300w, https:\/\/lacanonicasuite.it\/wp-content\/uploads\/2023\/04\/drone-DJI_0008-1200x800-1-1024x683.jpg 1024w, https:\/\/lacanonicasuite.it\/wp-content\/uploads\/2023\/04\/drone-DJI_0008-1200x800-1-768x512.jpg 768w\" sizes=\"(max-width: 1200px) 100vw, 1200px\" \/>                        <\/div>\n<\/div>[\/vc_column][\/vc_row][vc_row full_width=&#8220;stretch_row&#8220; simple_background_color=&#8220;#3e4b59&#8243; css=&#8220;.vc_custom_1678440799951{border-bottom-width: 1px !important;padding-bottom: 35px !important;border-bottom-color: #ffffff !important;border-bottom-style: solid !important;}&#8220;][vc_column][vc_column_text]<iframe loading=\"lazy\" style=\"border: 0;\" src=\"https:\/\/www.google.com\/maps\/embed?pb=!1m18!1m12!1m3!1d692.2723070173467!2d11.145313729256406!3d46.049316829473476!2m3!1f0!2f0!3f0!3m2!1i1024!2i768!4f13.1!3m3!1m2!1s0x4782769e3dd674b3%3A0xe44449fa75289f3a!2sStr.%20Stretta%2C%201%2C%2038123%20Trento%20TN!5e0!3m2!1sen!2sit!4v1678440191785!5m2!1sen!2sit\" width=\"100%\" height=\"450\" allowfullscreen=\"allowfullscreen\"><\/iframe>[\/vc_column_text][\/vc_column][\/vc_row]<\/p>\n<\/div>","protected":false},"excerpt":{"rendered":"<p>[vc_row content_placement=&#8220;middle&#8220; row_content_width=&#8220;grid&#8220; content_text_aligment=&#8220;left&#8220; css=&#8220;.vc_custom_1678687828216{padding-top: 30px !important;padding-bottom: 50px !important;}&#8220;][vc_column offset=&#8220;vc_col-lg-6&#8243;][vc_column_text][\/vc_column_text][vc_empty_space height=&#8220;25px&#8220;][\/vc_column][vc_column offset=&#8220;vc_col-lg-6&#8243;][vc_empty_space height=&#8220;25px&#8220;][\/vc_column][\/vc_row][vc_row content_placement=&#8220;middle&#8220; row_content_width=&#8220;grid&#8220; content_text_aligment=&#8220;left&#8220; css=&#8220;.vc_custom_1645198113914{padding-top: 30px !important;padding-bottom: 100px !important;}&#8220;][vc_column offset=&#8220;vc_col-lg-6&#8243;][vc_empty_space height=&#8220;25px&#8220;][\/vc_column][vc_column offset=&#8220;vc_col-lg-6&#8243;][vc_empty_space height=&#8220;25px&#8220;][\/vc_column][\/vc_row][vc_row full_width=&#8220;stretch_row&#8220; simple_background_color=&#8220;#3e4b59&#8243; css=&#8220;.vc_custom_1678440799951{border-bottom-width: 1px !important;padding-bottom: 35px !important;border-bottom-color: #ffffff !important;border-bottom-style: solid !important;}&#8220;][vc_column][vc_column_text][\/vc_column_text][\/vc_column][\/vc_row]<\/p>\n","protected":false},"author":1,"featured_media":0,"parent":0,"menu_order":0,"comment_status":"closed","ping_status":"closed","template":"","meta":{"footnotes":""},"yoast_head":"<!-- This site is optimized with the Yoast SEO plugin v22.9 - https:\/\/yoast.com\/wordpress\/plugins\/seo\/ -->\n<title>Wo wir sind - La Canonica<\/title>\n<meta name=\"description\" content=\"Die Canonica Suite Apartments befinden sich im ruhigen und prestigetr\u00e4chtigen Ferienort Villazzano, einem Weiler in den H\u00fcgeln von Trient. Seine Lage macht es perfekt f\u00fcr alle Arten von Aufenthalten.\" \/>\n<meta name=\"robots\" content=\"index, follow, max-snippet:-1, max-image-preview:large, max-video-preview:-1\" \/>\n<link rel=\"canonical\" href=\"https:\/\/lacanonicasuite.it\/de\/wo-wir-sind\/\" \/>\n<meta property=\"og:locale\" content=\"de_DE\" \/>\n<meta property=\"og:type\" content=\"article\" \/>\n<meta property=\"og:title\" content=\"Wo wir sind - La Canonica\" \/>\n<meta property=\"og:description\" content=\"Die Canonica Suite Apartments befinden sich im ruhigen und prestigetr\u00e4chtigen Ferienort Villazzano, einem Weiler in den H\u00fcgeln von Trient. Seine Lage macht es perfekt f\u00fcr alle Arten von Aufenthalten.\" \/>\n<meta property=\"og:url\" content=\"https:\/\/lacanonicasuite.it\/de\/wo-wir-sind\/\" \/>\n<meta property=\"og:site_name\" content=\"La Canonica\" \/>\n<meta property=\"article:modified_time\" content=\"2023-05-25T06:22:48+00:00\" \/>\n<meta name=\"twitter:card\" content=\"summary_large_image\" \/>\n<meta name=\"twitter:label1\" content=\"Gesch\u00e4tzte Lesezeit\" \/>\n\t<meta name=\"twitter:data1\" content=\"2\u00a0Minuten\" \/>\n<script type=\"application\/ld+json\" class=\"yoast-schema-graph\">{\"@context\":\"https:\/\/schema.org\",\"@graph\":[{\"@type\":\"WebPage\",\"@id\":\"https:\/\/lacanonicasuite.it\/de\/wo-wir-sind\/\",\"url\":\"https:\/\/lacanonicasuite.it\/de\/wo-wir-sind\/\",\"name\":\"Wo wir sind - La Canonica\",\"isPartOf\":{\"@id\":\"https:\/\/lacanonicasuite.it\/#website\"},\"datePublished\":\"2022-02-18T07:43:53+00:00\",\"dateModified\":\"2023-05-25T06:22:48+00:00\",\"description\":\"Die Canonica Suite Apartments befinden sich im ruhigen und prestigetr\u00e4chtigen Ferienort Villazzano, einem Weiler in den H\u00fcgeln von Trient. Seine Lage macht es perfekt f\u00fcr alle Arten von Aufenthalten.\",\"breadcrumb\":{\"@id\":\"https:\/\/lacanonicasuite.it\/de\/wo-wir-sind\/#breadcrumb\"},\"inLanguage\":\"de\",\"potentialAction\":[{\"@type\":\"ReadAction\",\"target\":[\"https:\/\/lacanonicasuite.it\/de\/wo-wir-sind\/\"]}]},{\"@type\":\"BreadcrumbList\",\"@id\":\"https:\/\/lacanonicasuite.it\/de\/wo-wir-sind\/#breadcrumb\",\"itemListElement\":[{\"@type\":\"ListItem\",\"position\":1,\"name\":\"Home\",\"item\":\"https:\/\/lacanonicasuite.it\/de\/\"},{\"@type\":\"ListItem\",\"position\":2,\"name\":\"Wo wir sind\"}]},{\"@type\":\"WebSite\",\"@id\":\"https:\/\/lacanonicasuite.it\/#website\",\"url\":\"https:\/\/lacanonicasuite.it\/\",\"name\":\"La Canonica\",\"description\":\"suite apartments\",\"publisher\":{\"@id\":\"https:\/\/lacanonicasuite.it\/#organization\"},\"potentialAction\":[{\"@type\":\"SearchAction\",\"target\":{\"@type\":\"EntryPoint\",\"urlTemplate\":\"https:\/\/lacanonicasuite.it\/?s={search_term_string}\"},\"query-input\":\"required name=search_term_string\"}],\"inLanguage\":\"de\"},{\"@type\":\"Organization\",\"@id\":\"https:\/\/lacanonicasuite.it\/#organization\",\"name\":\"La Canonica\",\"url\":\"https:\/\/lacanonicasuite.it\/\",\"logo\":{\"@type\":\"ImageObject\",\"inLanguage\":\"de\",\"@id\":\"https:\/\/lacanonicasuite.it\/#\/schema\/logo\/image\/\",\"url\":\"https:\/\/lacanonicasuite.it\/wp-content\/uploads\/2023\/02\/LC.svg\",\"contentUrl\":\"https:\/\/lacanonicasuite.it\/wp-content\/uploads\/2023\/02\/LC.svg\",\"width\":1,\"height\":1,\"caption\":\"La Canonica\"},\"image\":{\"@id\":\"https:\/\/lacanonicasuite.it\/#\/schema\/logo\/image\/\"}}]}<\/script>\n<!-- \/ Yoast SEO plugin. -->","yoast_head_json":{"title":"Wo wir sind - La Canonica","description":"Die Canonica Suite Apartments befinden sich im ruhigen und prestigetr\u00e4chtigen Ferienort Villazzano, einem Weiler in den H\u00fcgeln von Trient. Seine Lage macht es perfekt f\u00fcr alle Arten von Aufenthalten.","robots":{"index":"index","follow":"follow","max-snippet":"max-snippet:-1","max-image-preview":"max-image-preview:large","max-video-preview":"max-video-preview:-1"},"canonical":"https:\/\/lacanonicasuite.it\/de\/wo-wir-sind\/","og_locale":"de_DE","og_type":"article","og_title":"Wo wir sind - La Canonica","og_description":"Die Canonica Suite Apartments befinden sich im ruhigen und prestigetr\u00e4chtigen Ferienort Villazzano, einem Weiler in den H\u00fcgeln von Trient. Seine Lage macht es perfekt f\u00fcr alle Arten von Aufenthalten.","og_url":"https:\/\/lacanonicasuite.it\/de\/wo-wir-sind\/","og_site_name":"La Canonica","article_modified_time":"2023-05-25T06:22:48+00:00","twitter_card":"summary_large_image","twitter_misc":{"Gesch\u00e4tzte Lesezeit":"2\u00a0Minuten"},"schema":{"@context":"https:\/\/schema.org","@graph":[{"@type":"WebPage","@id":"https:\/\/lacanonicasuite.it\/de\/wo-wir-sind\/","url":"https:\/\/lacanonicasuite.it\/de\/wo-wir-sind\/","name":"Wo wir sind - La Canonica","isPartOf":{"@id":"https:\/\/lacanonicasuite.it\/#website"},"datePublished":"2022-02-18T07:43:53+00:00","dateModified":"2023-05-25T06:22:48+00:00","description":"Die Canonica Suite Apartments befinden sich im ruhigen und prestigetr\u00e4chtigen Ferienort Villazzano, einem Weiler in den H\u00fcgeln von Trient. Seine Lage macht es perfekt f\u00fcr alle Arten von Aufenthalten.","breadcrumb":{"@id":"https:\/\/lacanonicasuite.it\/de\/wo-wir-sind\/#breadcrumb"},"inLanguage":"de","potentialAction":[{"@type":"ReadAction","target":["https:\/\/lacanonicasuite.it\/de\/wo-wir-sind\/"]}]},{"@type":"BreadcrumbList","@id":"https:\/\/lacanonicasuite.it\/de\/wo-wir-sind\/#breadcrumb","itemListElement":[{"@type":"ListItem","position":1,"name":"Home","item":"https:\/\/lacanonicasuite.it\/de\/"},{"@type":"ListItem","position":2,"name":"Wo wir sind"}]},{"@type":"WebSite","@id":"https:\/\/lacanonicasuite.it\/#website","url":"https:\/\/lacanonicasuite.it\/","name":"La Canonica","description":"suite apartments","publisher":{"@id":"https:\/\/lacanonicasuite.it\/#organization"},"potentialAction":[{"@type":"SearchAction","target":{"@type":"EntryPoint","urlTemplate":"https:\/\/lacanonicasuite.it\/?s={search_term_string}"},"query-input":"required name=search_term_string"}],"inLanguage":"de"},{"@type":"Organization","@id":"https:\/\/lacanonicasuite.it\/#organization","name":"La Canonica","url":"https:\/\/lacanonicasuite.it\/","logo":{"@type":"ImageObject","inLanguage":"de","@id":"https:\/\/lacanonicasuite.it\/#\/schema\/logo\/image\/","url":"https:\/\/lacanonicasuite.it\/wp-content\/uploads\/2023\/02\/LC.svg","contentUrl":"https:\/\/lacanonicasuite.it\/wp-content\/uploads\/2023\/02\/LC.svg","width":1,"height":1,"caption":"La Canonica"},"image":{"@id":"https:\/\/lacanonicasuite.it\/#\/schema\/logo\/image\/"}}]}},"_links":{"self":[{"href":"https:\/\/lacanonicasuite.it\/de\/wp-json\/wp\/v2\/pages\/5958"}],"collection":[{"href":"https:\/\/lacanonicasuite.it\/de\/wp-json\/wp\/v2\/pages"}],"about":[{"href":"https:\/\/lacanonicasuite.it\/de\/wp-json\/wp\/v2\/types\/page"}],"author":[{"embeddable":true,"href":"https:\/\/lacanonicasuite.it\/de\/wp-json\/wp\/v2\/users\/1"}],"replies":[{"embeddable":true,"href":"https:\/\/lacanonicasuite.it\/de\/wp-json\/wp\/v2\/comments?post=5958"}],"version-history":[{"count":3,"href":"https:\/\/lacanonicasuite.it\/de\/wp-json\/wp\/v2\/pages\/5958\/revisions"}],"predecessor-version":[{"id":6001,"href":"https:\/\/lacanonicasuite.it\/de\/wp-json\/wp\/v2\/pages\/5958\/revisions\/6001"}],"wp:attachment":[{"href":"https:\/\/lacanonicasuite.it\/de\/wp-json\/wp\/v2\/media?parent=5958"}],"curies":[{"name":"wp","href":"https:\/\/api.w.org\/{rel}","templated":true}]}}