{"id":5962,"date":"2023-04-11T09:45:35","date_gmt":"2023-04-11T07:45:35","guid":{"rendered":"https:\/\/lacanonicasuite.it\/attivita\/"},"modified":"2023-05-25T08:24:44","modified_gmt":"2023-05-25T06:24:44","slug":"aktivitaeten","status":"publish","type":"page","link":"https:\/\/lacanonicasuite.it\/de\/aktivitaeten\/","title":{"rendered":"Aktivit\u00e4ten"},"content":{"rendered":"<div class=\"wpb-content-wrapper\"><p>[vc_row content_placement=&#8220;middle&#8220; row_content_width=&#8220;grid&#8220; content_text_aligment=&#8220;left&#8220; css=&#8220;.vc_custom_1645198113914{padding-top: 30px !important;padding-bottom: 100px !important;}&#8220;][vc_column offset=&#8220;vc_col-lg-6&#8243;]<div class=\"mkdf-elements-holder   mkdf-one-column  mkdf-responsive-mode-768 \" ><div class=\"mkdf-eh-item    \"  data-item-class=\"mkdf-eh-custom-2290\">\n\t<div class=\"mkdf-eh-item-inner\">\n\t\t<div class=\"mkdf-eh-item-content mkdf-eh-custom-2290\" style=\"padding: 0 0 0 5%\">\n\t\t\t<div class=\"mkdf-section-title-holder  mkdf-st-standard mkdf-st-title-left mkdf-st-normal-space \" style=\"text-align: left\">\n\t<div class=\"mkdf-st-inner\">\n                    <h6 class=\"mkdf-st-subtitle\" style=\"color: #99a0af\">\n                Aktivit\u00e4ten in der N\u00e4he            <\/h6>\n        \t\t\t\t\t<h2 class=\"mkdf-st-title\" style=\"color: #3e4b59\">\n\t\t\t\tOutdoor\t\t\t<\/h2>\n\t\t        \t\t\t<\/div>\n<\/div>[vc_empty_space height=&#8220;24px&#8220;][vc_column_text]Aufgrund seiner Lage ist La Canonica auch ein idealer Ausgangspunkt f\u00fcr Outdoor-Fans.<\/p>\n<p>Ausfl\u00fcge wie der Marzola (zu Fu\u00df, mit dem Mountainbike oder E-Bike) f\u00fchren in eine wundersch\u00f6ne, leicht zug\u00e4ngliche Natur und bieten unz\u00e4hlige atemberaubende Ausblicke auf die T\u00e4ler.[\/vc_column_text]\t\t<\/div>\n\t<\/div>\n<\/div><\/div>[vc_empty_space height=&#8220;25px&#8220;][\/vc_column][vc_column offset=&#8220;vc_col-lg-6&#8243;][vc_empty_space height=&#8220;25px&#8220;]<div class=\"mkdf-single-image-holder   \">\n    <div class=\"mkdf-si-inner\" style=\"background-image: url(https:\/\/lacanonicasuite.it\/wp-content\/uploads\/2023\/04\/vm.jpg)\">\n                                    <img loading=\"lazy\" decoding=\"async\" width=\"1048\" height=\"600\" src=\"https:\/\/lacanonicasuite.it\/wp-content\/uploads\/2023\/04\/vm.jpg\" class=\"attachment-full size-full\" alt=\"\" srcset=\"https:\/\/lacanonicasuite.it\/wp-content\/uploads\/2023\/04\/vm.jpg 1048w, https:\/\/lacanonicasuite.it\/wp-content\/uploads\/2023\/04\/vm-300x172.jpg 300w, https:\/\/lacanonicasuite.it\/wp-content\/uploads\/2023\/04\/vm-1024x586.jpg 1024w, https:\/\/lacanonicasuite.it\/wp-content\/uploads\/2023\/04\/vm-768x440.jpg 768w\" sizes=\"(max-width: 1048px) 100vw, 1048px\" \/>                        <\/div>\n<\/div>[\/vc_column][\/vc_row][vc_row full_width=&#8220;stretch_row&#8220; simple_background_color=&#8220;#ffffff&#8220;][vc_column]<div class=\"mkdf-section-title-holder  mkdf-st-standard mkdf-st-title-left mkdf-st-normal-space \" style=\"text-align: left\">\n\t<div class=\"mkdf-st-inner\">\n        \t\t\t\t\t<h2 class=\"mkdf-st-title\" style=\"color: #3e4b59\">\n\t\t\t\tEinige Ausflugsbeispiele - Wanderungen in der Umgebung\t\t\t<\/h2>\n\t\t        \t\t\t<\/div>\n<\/div>[vc_raw_html]JTNDc2NyaXB0JTIwdHlwZSUzRCUyMnRleHQlMkZqYXZhc2NyaXB0JTIyJTIwc3JjJTNEJTIyaHR0cHMlM0ElMkYlMkZ3d3cub3V0ZG9vcmFjdGl2ZS5jb20lMkZkZSUyRmVtYmVkJTJGMjEwMzAzODQlMkZqcyUzRm13JTNEZmFsc2UlMjIlM0UlM0MlMkZzY3JpcHQlM0U=[\/vc_raw_html][vc_raw_html]JTNDc2NyaXB0JTIwdHlwZSUzRCUyMnRleHQlMkZqYXZhc2NyaXB0JTIyJTIwc3JjJTNEJTIyaHR0cHMlM0ElMkYlMkZ3d3cub3V0ZG9vcmFjdGl2ZS5jb20lMkZkZSUyRmVtYmVkJTJGMjA4ODMzMTgwJTJGanMlM0ZtdyUzRGZhbHNlJTIyJTNFJTNDJTJGc2NyaXB0JTNF[\/vc_raw_html][\/vc_column][\/vc_row]<\/p>\n<\/div>","protected":false},"excerpt":{"rendered":"<p>[vc_row content_placement=&#8220;middle&#8220; row_content_width=&#8220;grid&#8220; content_text_aligment=&#8220;left&#8220; css=&#8220;.vc_custom_1645198113914{padding-top: 30px !important;padding-bottom: 100px !important;}&#8220;][vc_column offset=&#8220;vc_col-lg-6&#8243;][vc_empty_space height=&#8220;25px&#8220;][\/vc_column][vc_column offset=&#8220;vc_col-lg-6&#8243;][vc_empty_space height=&#8220;25px&#8220;][\/vc_column][\/vc_row][vc_row full_width=&#8220;stretch_row&#8220; simple_background_color=&#8220;#ffffff&#8220;][vc_column][vc_raw_html]JTNDc2NyaXB0JTIwdHlwZSUzRCUyMnRleHQlMkZqYXZhc2NyaXB0JTIyJTIwc3JjJTNEJTIyaHR0cHMlM0ElMkYlMkZ3d3cub3V0ZG9vcmFjdGl2ZS5jb20lMkZkZSUyRmVtYmVkJTJGMjEwMzAzODQlMkZqcyUzRm13JTNEZmFsc2UlMjIlM0UlM0MlMkZzY3JpcHQlM0U=[\/vc_raw_html][vc_raw_html]JTNDc2NyaXB0JTIwdHlwZSUzRCUyMnRleHQlMkZqYXZhc2NyaXB0JTIyJTIwc3JjJTNEJTIyaHR0cHMlM0ElMkYlMkZ3d3cub3V0ZG9vcmFjdGl2ZS5jb20lMkZkZSUyRmVtYmVkJTJGMjA4ODMzMTgwJTJGanMlM0ZtdyUzRGZhbHNlJTIyJTNFJTNDJTJGc2NyaXB0JTNF[\/vc_raw_html][\/vc_column][\/vc_row]<\/p>\n","protected":false},"author":1,"featured_media":0,"parent":0,"menu_order":0,"comment_status":"closed","ping_status":"closed","template":"","meta":{"footnotes":""},"yoast_head":"<!-- This site is optimized with the Yoast SEO plugin v22.9 - https:\/\/yoast.com\/wordpress\/plugins\/seo\/ -->\n<title>Aktivit\u00e4ten - La Canonica<\/title>\n<meta name=\"description\" content=\"Die Lage von La Canonica macht sie auch zu einem fantastischen Ausgangspunkt f\u00fcr Outdoor-Fans. Ausfl\u00fcge wie die zur Marzola (ob zu Fu\u00df, mit dem Mountainbike oder E-Bike) f\u00fchren Sie in eine wundersch\u00f6ne, aber leicht zug\u00e4ngliche Natur und bieten unz\u00e4hlige atemberaubende Ausblicke auf die T\u00e4ler.\" \/>\n<meta name=\"robots\" content=\"index, follow, max-snippet:-1, max-image-preview:large, max-video-preview:-1\" \/>\n<link rel=\"canonical\" href=\"https:\/\/lacanonicasuite.it\/de\/aktivitaeten\/\" \/>\n<meta property=\"og:locale\" content=\"de_DE\" \/>\n<meta property=\"og:type\" content=\"article\" \/>\n<meta property=\"og:title\" content=\"Aktivit\u00e4ten - La Canonica\" \/>\n<meta property=\"og:description\" content=\"Die Lage von La Canonica macht sie auch zu einem fantastischen Ausgangspunkt f\u00fcr Outdoor-Fans. Ausfl\u00fcge wie die zur Marzola (ob zu Fu\u00df, mit dem Mountainbike oder E-Bike) f\u00fchren Sie in eine wundersch\u00f6ne, aber leicht zug\u00e4ngliche Natur und bieten unz\u00e4hlige atemberaubende Ausblicke auf die T\u00e4ler.\" \/>\n<meta property=\"og:url\" content=\"https:\/\/lacanonicasuite.it\/de\/aktivitaeten\/\" \/>\n<meta property=\"og:site_name\" content=\"La Canonica\" \/>\n<meta property=\"article:modified_time\" content=\"2023-05-25T06:24:44+00:00\" \/>\n<meta name=\"twitter:card\" content=\"summary_large_image\" \/>\n<meta name=\"twitter:label1\" content=\"Gesch\u00e4tzte Lesezeit\" \/>\n\t<meta name=\"twitter:data1\" content=\"1\u00a0Minute\" \/>\n<script type=\"application\/ld+json\" class=\"yoast-schema-graph\">{\"@context\":\"https:\/\/schema.org\",\"@graph\":[{\"@type\":\"WebPage\",\"@id\":\"https:\/\/lacanonicasuite.it\/de\/aktivitaeten\/\",\"url\":\"https:\/\/lacanonicasuite.it\/de\/aktivitaeten\/\",\"name\":\"Aktivit\u00e4ten - La Canonica\",\"isPartOf\":{\"@id\":\"https:\/\/lacanonicasuite.it\/#website\"},\"datePublished\":\"2023-04-11T07:45:35+00:00\",\"dateModified\":\"2023-05-25T06:24:44+00:00\",\"description\":\"Die Lage von La Canonica macht sie auch zu einem fantastischen Ausgangspunkt f\u00fcr Outdoor-Fans. Ausfl\u00fcge wie die zur Marzola (ob zu Fu\u00df, mit dem Mountainbike oder E-Bike) f\u00fchren Sie in eine wundersch\u00f6ne, aber leicht zug\u00e4ngliche Natur und bieten unz\u00e4hlige atemberaubende Ausblicke auf die T\u00e4ler.\",\"breadcrumb\":{\"@id\":\"https:\/\/lacanonicasuite.it\/de\/aktivitaeten\/#breadcrumb\"},\"inLanguage\":\"de\",\"potentialAction\":[{\"@type\":\"ReadAction\",\"target\":[\"https:\/\/lacanonicasuite.it\/de\/aktivitaeten\/\"]}]},{\"@type\":\"BreadcrumbList\",\"@id\":\"https:\/\/lacanonicasuite.it\/de\/aktivitaeten\/#breadcrumb\",\"itemListElement\":[{\"@type\":\"ListItem\",\"position\":1,\"name\":\"Home\",\"item\":\"https:\/\/lacanonicasuite.it\/de\/\"},{\"@type\":\"ListItem\",\"position\":2,\"name\":\"Aktivit\u00e4ten\"}]},{\"@type\":\"WebSite\",\"@id\":\"https:\/\/lacanonicasuite.it\/#website\",\"url\":\"https:\/\/lacanonicasuite.it\/\",\"name\":\"La Canonica\",\"description\":\"suite apartments\",\"publisher\":{\"@id\":\"https:\/\/lacanonicasuite.it\/#organization\"},\"potentialAction\":[{\"@type\":\"SearchAction\",\"target\":{\"@type\":\"EntryPoint\",\"urlTemplate\":\"https:\/\/lacanonicasuite.it\/?s={search_term_string}\"},\"query-input\":\"required name=search_term_string\"}],\"inLanguage\":\"de\"},{\"@type\":\"Organization\",\"@id\":\"https:\/\/lacanonicasuite.it\/#organization\",\"name\":\"La Canonica\",\"url\":\"https:\/\/lacanonicasuite.it\/\",\"logo\":{\"@type\":\"ImageObject\",\"inLanguage\":\"de\",\"@id\":\"https:\/\/lacanonicasuite.it\/#\/schema\/logo\/image\/\",\"url\":\"https:\/\/lacanonicasuite.it\/wp-content\/uploads\/2023\/02\/LC.svg\",\"contentUrl\":\"https:\/\/lacanonicasuite.it\/wp-content\/uploads\/2023\/02\/LC.svg\",\"width\":1,\"height\":1,\"caption\":\"La Canonica\"},\"image\":{\"@id\":\"https:\/\/lacanonicasuite.it\/#\/schema\/logo\/image\/\"}}]}<\/script>\n<!-- \/ Yoast SEO plugin. -->","yoast_head_json":{"title":"Aktivit\u00e4ten - La Canonica","description":"Die Lage von La Canonica macht sie auch zu einem fantastischen Ausgangspunkt f\u00fcr Outdoor-Fans. Ausfl\u00fcge wie die zur Marzola (ob zu Fu\u00df, mit dem Mountainbike oder E-Bike) f\u00fchren Sie in eine wundersch\u00f6ne, aber leicht zug\u00e4ngliche Natur und bieten unz\u00e4hlige atemberaubende Ausblicke auf die T\u00e4ler.","robots":{"index":"index","follow":"follow","max-snippet":"max-snippet:-1","max-image-preview":"max-image-preview:large","max-video-preview":"max-video-preview:-1"},"canonical":"https:\/\/lacanonicasuite.it\/de\/aktivitaeten\/","og_locale":"de_DE","og_type":"article","og_title":"Aktivit\u00e4ten - La Canonica","og_description":"Die Lage von La Canonica macht sie auch zu einem fantastischen Ausgangspunkt f\u00fcr Outdoor-Fans. Ausfl\u00fcge wie die zur Marzola (ob zu Fu\u00df, mit dem Mountainbike oder E-Bike) f\u00fchren Sie in eine wundersch\u00f6ne, aber leicht zug\u00e4ngliche Natur und bieten unz\u00e4hlige atemberaubende Ausblicke auf die T\u00e4ler.","og_url":"https:\/\/lacanonicasuite.it\/de\/aktivitaeten\/","og_site_name":"La Canonica","article_modified_time":"2023-05-25T06:24:44+00:00","twitter_card":"summary_large_image","twitter_misc":{"Gesch\u00e4tzte Lesezeit":"1\u00a0Minute"},"schema":{"@context":"https:\/\/schema.org","@graph":[{"@type":"WebPage","@id":"https:\/\/lacanonicasuite.it\/de\/aktivitaeten\/","url":"https:\/\/lacanonicasuite.it\/de\/aktivitaeten\/","name":"Aktivit\u00e4ten - La Canonica","isPartOf":{"@id":"https:\/\/lacanonicasuite.it\/#website"},"datePublished":"2023-04-11T07:45:35+00:00","dateModified":"2023-05-25T06:24:44+00:00","description":"Die Lage von La Canonica macht sie auch zu einem fantastischen Ausgangspunkt f\u00fcr Outdoor-Fans. Ausfl\u00fcge wie die zur Marzola (ob zu Fu\u00df, mit dem Mountainbike oder E-Bike) f\u00fchren Sie in eine wundersch\u00f6ne, aber leicht zug\u00e4ngliche Natur und bieten unz\u00e4hlige atemberaubende Ausblicke auf die T\u00e4ler.","breadcrumb":{"@id":"https:\/\/lacanonicasuite.it\/de\/aktivitaeten\/#breadcrumb"},"inLanguage":"de","potentialAction":[{"@type":"ReadAction","target":["https:\/\/lacanonicasuite.it\/de\/aktivitaeten\/"]}]},{"@type":"BreadcrumbList","@id":"https:\/\/lacanonicasuite.it\/de\/aktivitaeten\/#breadcrumb","itemListElement":[{"@type":"ListItem","position":1,"name":"Home","item":"https:\/\/lacanonicasuite.it\/de\/"},{"@type":"ListItem","position":2,"name":"Aktivit\u00e4ten"}]},{"@type":"WebSite","@id":"https:\/\/lacanonicasuite.it\/#website","url":"https:\/\/lacanonicasuite.it\/","name":"La Canonica","description":"suite apartments","publisher":{"@id":"https:\/\/lacanonicasuite.it\/#organization"},"potentialAction":[{"@type":"SearchAction","target":{"@type":"EntryPoint","urlTemplate":"https:\/\/lacanonicasuite.it\/?s={search_term_string}"},"query-input":"required name=search_term_string"}],"inLanguage":"de"},{"@type":"Organization","@id":"https:\/\/lacanonicasuite.it\/#organization","name":"La Canonica","url":"https:\/\/lacanonicasuite.it\/","logo":{"@type":"ImageObject","inLanguage":"de","@id":"https:\/\/lacanonicasuite.it\/#\/schema\/logo\/image\/","url":"https:\/\/lacanonicasuite.it\/wp-content\/uploads\/2023\/02\/LC.svg","contentUrl":"https:\/\/lacanonicasuite.it\/wp-content\/uploads\/2023\/02\/LC.svg","width":1,"height":1,"caption":"La Canonica"},"image":{"@id":"https:\/\/lacanonicasuite.it\/#\/schema\/logo\/image\/"}}]}},"_links":{"self":[{"href":"https:\/\/lacanonicasuite.it\/de\/wp-json\/wp\/v2\/pages\/5962"}],"collection":[{"href":"https:\/\/lacanonicasuite.it\/de\/wp-json\/wp\/v2\/pages"}],"about":[{"href":"https:\/\/lacanonicasuite.it\/de\/wp-json\/wp\/v2\/types\/page"}],"author":[{"embeddable":true,"href":"https:\/\/lacanonicasuite.it\/de\/wp-json\/wp\/v2\/users\/1"}],"replies":[{"embeddable":true,"href":"https:\/\/lacanonicasuite.it\/de\/wp-json\/wp\/v2\/comments?post=5962"}],"version-history":[{"count":2,"href":"https:\/\/lacanonicasuite.it\/de\/wp-json\/wp\/v2\/pages\/5962\/revisions"}],"predecessor-version":[{"id":5997,"href":"https:\/\/lacanonicasuite.it\/de\/wp-json\/wp\/v2\/pages\/5962\/revisions\/5997"}],"wp:attachment":[{"href":"https:\/\/lacanonicasuite.it\/de\/wp-json\/wp\/v2\/media?parent=5962"}],"curies":[{"name":"wp","href":"https:\/\/api.w.org\/{rel}","templated":true}]}}