{"id":5966,"date":"2017-11-17T09:39:00","date_gmt":"2017-11-17T08:39:00","guid":{"rendered":"https:\/\/lacanonicasuite.it\/contatti\/"},"modified":"2023-05-25T08:25:47","modified_gmt":"2023-05-25T06:25:47","slug":"kontakt","status":"publish","type":"page","link":"https:\/\/lacanonicasuite.it\/de\/kontakt\/","title":{"rendered":"Kontakt"},"content":{"rendered":"<div class=\"wpb-content-wrapper\"><p>[vc_row content_placement=&#8220;middle&#8220; row_content_width=&#8220;grid&#8220; content_text_aligment=&#8220;left&#8220; css=&#8220;.vc_custom_1645170494735{padding-top: 30px !important;padding-bottom: 100px !important;}&#8220;][vc_column offset=&#8220;vc_col-lg-6&#8243;]\n<div class=\"wpcf7 no-js\" id=\"wpcf7-f6002-o1\" lang=\"it-IT\" dir=\"ltr\">\n<div class=\"screen-reader-response\"><p role=\"status\" aria-live=\"polite\" aria-atomic=\"true\"><\/p> <ul><\/ul><\/div>\n<form action=\"\/de\/wp-json\/wp\/v2\/pages\/5966#wpcf7-f6002-o1\" method=\"post\" class=\"wpcf7-form init\" aria-label=\"Modulo di contatto\" novalidate=\"novalidate\" data-status=\"init\">\n<div style=\"display: none;\">\n<input type=\"hidden\" name=\"_wpcf7\" value=\"6002\" \/>\n<input type=\"hidden\" name=\"_wpcf7_version\" value=\"5.9.6\" \/>\n<input type=\"hidden\" name=\"_wpcf7_locale\" value=\"it_IT\" \/>\n<input type=\"hidden\" name=\"_wpcf7_unit_tag\" value=\"wpcf7-f6002-o1\" \/>\n<input type=\"hidden\" name=\"_wpcf7_container_post\" value=\"0\" \/>\n<input type=\"hidden\" name=\"_wpcf7_posted_data_hash\" value=\"\" \/>\n<\/div>\n<p><label> Name<br \/>\n<span class=\"wpcf7-form-control-wrap\" data-name=\"your-name\"><input size=\"40\" maxlength=\"80\" class=\"wpcf7-form-control wpcf7-text wpcf7-validates-as-required\" aria-required=\"true\" aria-invalid=\"false\" value=\"\" type=\"text\" name=\"your-name\" \/><\/span> <\/label>\n<\/p>\n<p><label> E-Mail<br \/>\n<span class=\"wpcf7-form-control-wrap\" data-name=\"your-email\"><input size=\"40\" maxlength=\"80\" class=\"wpcf7-form-control wpcf7-email wpcf7-validates-as-required wpcf7-text wpcf7-validates-as-email\" aria-required=\"true\" aria-invalid=\"false\" value=\"\" type=\"email\" name=\"your-email\" \/><\/span> <\/label>\n<\/p>\n<p><label> Telefon<br \/>\n<span class=\"wpcf7-form-control-wrap\" data-name=\"your-phone\"><input size=\"40\" maxlength=\"80\" class=\"wpcf7-form-control wpcf7-text\" aria-invalid=\"false\" value=\"\" type=\"text\" name=\"your-phone\" \/><\/span> <\/label>\n<\/p>\n<p><label> Firma<br \/>\n<span class=\"wpcf7-form-control-wrap\" data-name=\"azienda\"><input size=\"40\" maxlength=\"80\" class=\"wpcf7-form-control wpcf7-text\" aria-invalid=\"false\" value=\"\" type=\"text\" name=\"azienda\" \/><\/span> <\/label>\n<\/p>\n<p><label> Nachricht<br \/>\n<span class=\"wpcf7-form-control-wrap\" data-name=\"your-message\"><textarea cols=\"40\" rows=\"4\" maxlength=\"400\" class=\"wpcf7-form-control wpcf7-textarea\" aria-invalid=\"false\" name=\"your-message\"><\/textarea><\/span> <\/label>\n<\/p>\n<p><br \/>\n<span class=\"wpcf7-form-control-wrap\" data-name=\"accept-this-1\"><span class=\"wpcf7-form-control wpcf7-acceptance\"><span class=\"wpcf7-list-item\"><label><input type=\"checkbox\" name=\"accept-this-1\" value=\"1\" aria-invalid=\"false\" \/><span class=\"wpcf7-list-item-label\">Um das Formular absenden zu k\u00f6nnen, m\u00fcssen Sie unsere Datenschutzerkl\u00e4rung akzeptieren, die Sie unter <a href=\"https:\/\/lacanonicasuite.it\/privacy-policy\/\" target=\"_blank\">diesem Link<\/a>  finden.<\/span><\/label><\/span><\/span><\/span>\n<\/p>\n<p><br \/>\n<input class=\"wpcf7-form-control wpcf7-submit has-spinner\" type=\"submit\" value=\"Submit\" \/>\n<\/p><div class=\"wpcf7-response-output\" aria-hidden=\"true\"><\/div>\n<\/form>\n<\/div>\n[vc_empty_space height=&#8220;25px&#8220;][\/vc_column][vc_column offset=&#8220;vc_col-lg-6&#8243;]<div class=\"mkdf-elements-holder   mkdf-one-column  mkdf-responsive-mode-768 \" ><div class=\"mkdf-eh-item    \"  data-item-class=\"mkdf-eh-custom-7050\">\n\t<div class=\"mkdf-eh-item-inner\">\n\t\t<div class=\"mkdf-eh-item-content mkdf-eh-custom-7050\" style=\"padding: 0 0 0 5%\">\n\t\t\t<div class=\"mkdf-section-title-holder  mkdf-st-standard mkdf-st-title-left mkdf-st-normal-space \" style=\"text-align: left\">\n\t<div class=\"mkdf-st-inner\">\n        \t\t\t\t\t<h2 class=\"mkdf-st-title\" >\n\t\t\t\tWir sind f\u00fcr Sie da\t\t\t<\/h2>\n\t\t        \t\t\t<\/div>\n<\/div>[vc_empty_space height=&#8220;24px&#8220;][vc_column_text]Ben\u00f6tigen Sie weitere Informationen \u00fcber unsere Einrichtung oder unsere Dienstleistungen?<\/p>\n<p>Z\u00f6gern Sie nicht, uns zu kontaktieren, wir werden uns so schnell wie m\u00f6glich bei Ihnen melden.<\/p>\n<p>Vielen Dank.[\/vc_column_text]\t\t<\/div>\n\t<\/div>\n<\/div><\/div>[vc_empty_space height=&#8220;50px&#8220;][\/vc_column][\/vc_row]<\/p>\n<\/div>","protected":false},"excerpt":{"rendered":"<p>[vc_row content_placement=&#8220;middle&#8220; row_content_width=&#8220;grid&#8220; content_text_aligment=&#8220;left&#8220; css=&#8220;.vc_custom_1645170494735{padding-top: 30px !important;padding-bottom: 100px !important;}&#8220;][vc_column offset=&#8220;vc_col-lg-6&#8243;][vc_empty_space height=&#8220;25px&#8220;][\/vc_column][vc_column offset=&#8220;vc_col-lg-6&#8243;][vc_empty_space height=&#8220;50px&#8220;][\/vc_column][\/vc_row]<\/p>\n","protected":false},"author":1,"featured_media":0,"parent":0,"menu_order":0,"comment_status":"closed","ping_status":"closed","template":"","meta":{"footnotes":""},"yoast_head":"<!-- This site is optimized with the Yoast SEO plugin v22.9 - https:\/\/yoast.com\/wordpress\/plugins\/seo\/ -->\n<title>Kontakt - La Canonica<\/title>\n<meta name=\"description\" content=\"Wenn Sie weitere Informationen \u00fcber unsere Einrichtung oder die von uns angebotenen Dienstleistungen ben\u00f6tigen, z\u00f6gern Sie bitte nicht, uns zu kontaktieren, und wir werden uns so schnell wie m\u00f6glich bei Ihnen melden.\" \/>\n<meta name=\"robots\" content=\"index, follow, max-snippet:-1, max-image-preview:large, max-video-preview:-1\" \/>\n<link rel=\"canonical\" href=\"https:\/\/lacanonicasuite.it\/contatti\/\" \/>\n<meta property=\"og:locale\" content=\"de_DE\" \/>\n<meta property=\"og:type\" content=\"article\" \/>\n<meta property=\"og:title\" content=\"Kontakt - La Canonica\" \/>\n<meta property=\"og:description\" content=\"Wenn Sie weitere Informationen \u00fcber unsere Einrichtung oder die von uns angebotenen Dienstleistungen ben\u00f6tigen, z\u00f6gern Sie bitte nicht, uns zu kontaktieren, und wir werden uns so schnell wie m\u00f6glich bei Ihnen melden.\" \/>\n<meta property=\"og:url\" content=\"https:\/\/lacanonicasuite.it\/contatti\/\" \/>\n<meta property=\"og:site_name\" content=\"La Canonica\" \/>\n<meta property=\"article:modified_time\" content=\"2023-05-25T06:25:47+00:00\" \/>\n<meta name=\"twitter:card\" content=\"summary_large_image\" \/>\n<meta name=\"twitter:label1\" content=\"Gesch\u00e4tzte Lesezeit\" \/>\n\t<meta name=\"twitter:data1\" content=\"1\u00a0Minute\" \/>\n<script type=\"application\/ld+json\" class=\"yoast-schema-graph\">{\"@context\":\"https:\/\/schema.org\",\"@graph\":[{\"@type\":\"WebPage\",\"@id\":\"https:\/\/lacanonicasuite.it\/contatti\/\",\"url\":\"https:\/\/lacanonicasuite.it\/contatti\/\",\"name\":\"Kontakt - La Canonica\",\"isPartOf\":{\"@id\":\"https:\/\/lacanonicasuite.it\/#website\"},\"datePublished\":\"2017-11-17T08:39:00+00:00\",\"dateModified\":\"2023-05-25T06:25:47+00:00\",\"description\":\"Wenn Sie weitere Informationen \u00fcber unsere Einrichtung oder die von uns angebotenen Dienstleistungen ben\u00f6tigen, z\u00f6gern Sie bitte nicht, uns zu kontaktieren, und wir werden uns so schnell wie m\u00f6glich bei Ihnen melden.\",\"breadcrumb\":{\"@id\":\"https:\/\/lacanonicasuite.it\/contatti\/#breadcrumb\"},\"inLanguage\":\"de\",\"potentialAction\":[{\"@type\":\"ReadAction\",\"target\":[\"https:\/\/lacanonicasuite.it\/contatti\/\"]}]},{\"@type\":\"BreadcrumbList\",\"@id\":\"https:\/\/lacanonicasuite.it\/contatti\/#breadcrumb\",\"itemListElement\":[{\"@type\":\"ListItem\",\"position\":1,\"name\":\"Home\",\"item\":\"https:\/\/lacanonicasuite.it\/de\/\"},{\"@type\":\"ListItem\",\"position\":2,\"name\":\"Kontakt\"}]},{\"@type\":\"WebSite\",\"@id\":\"https:\/\/lacanonicasuite.it\/#website\",\"url\":\"https:\/\/lacanonicasuite.it\/\",\"name\":\"La Canonica\",\"description\":\"suite apartments\",\"publisher\":{\"@id\":\"https:\/\/lacanonicasuite.it\/#organization\"},\"potentialAction\":[{\"@type\":\"SearchAction\",\"target\":{\"@type\":\"EntryPoint\",\"urlTemplate\":\"https:\/\/lacanonicasuite.it\/?s={search_term_string}\"},\"query-input\":\"required name=search_term_string\"}],\"inLanguage\":\"de\"},{\"@type\":\"Organization\",\"@id\":\"https:\/\/lacanonicasuite.it\/#organization\",\"name\":\"La Canonica\",\"url\":\"https:\/\/lacanonicasuite.it\/\",\"logo\":{\"@type\":\"ImageObject\",\"inLanguage\":\"de\",\"@id\":\"https:\/\/lacanonicasuite.it\/#\/schema\/logo\/image\/\",\"url\":\"https:\/\/lacanonicasuite.it\/wp-content\/uploads\/2023\/02\/LC.svg\",\"contentUrl\":\"https:\/\/lacanonicasuite.it\/wp-content\/uploads\/2023\/02\/LC.svg\",\"width\":1,\"height\":1,\"caption\":\"La Canonica\"},\"image\":{\"@id\":\"https:\/\/lacanonicasuite.it\/#\/schema\/logo\/image\/\"}}]}<\/script>\n<!-- \/ Yoast SEO plugin. -->","yoast_head_json":{"title":"Kontakt - La Canonica","description":"Wenn Sie weitere Informationen \u00fcber unsere Einrichtung oder die von uns angebotenen Dienstleistungen ben\u00f6tigen, z\u00f6gern Sie bitte nicht, uns zu kontaktieren, und wir werden uns so schnell wie m\u00f6glich bei Ihnen melden.","robots":{"index":"index","follow":"follow","max-snippet":"max-snippet:-1","max-image-preview":"max-image-preview:large","max-video-preview":"max-video-preview:-1"},"canonical":"https:\/\/lacanonicasuite.it\/contatti\/","og_locale":"de_DE","og_type":"article","og_title":"Kontakt - La Canonica","og_description":"Wenn Sie weitere Informationen \u00fcber unsere Einrichtung oder die von uns angebotenen Dienstleistungen ben\u00f6tigen, z\u00f6gern Sie bitte nicht, uns zu kontaktieren, und wir werden uns so schnell wie m\u00f6glich bei Ihnen melden.","og_url":"https:\/\/lacanonicasuite.it\/contatti\/","og_site_name":"La Canonica","article_modified_time":"2023-05-25T06:25:47+00:00","twitter_card":"summary_large_image","twitter_misc":{"Gesch\u00e4tzte Lesezeit":"1\u00a0Minute"},"schema":{"@context":"https:\/\/schema.org","@graph":[{"@type":"WebPage","@id":"https:\/\/lacanonicasuite.it\/contatti\/","url":"https:\/\/lacanonicasuite.it\/contatti\/","name":"Kontakt - La Canonica","isPartOf":{"@id":"https:\/\/lacanonicasuite.it\/#website"},"datePublished":"2017-11-17T08:39:00+00:00","dateModified":"2023-05-25T06:25:47+00:00","description":"Wenn Sie weitere Informationen \u00fcber unsere Einrichtung oder die von uns angebotenen Dienstleistungen ben\u00f6tigen, z\u00f6gern Sie bitte nicht, uns zu kontaktieren, und wir werden uns so schnell wie m\u00f6glich bei Ihnen melden.","breadcrumb":{"@id":"https:\/\/lacanonicasuite.it\/contatti\/#breadcrumb"},"inLanguage":"de","potentialAction":[{"@type":"ReadAction","target":["https:\/\/lacanonicasuite.it\/contatti\/"]}]},{"@type":"BreadcrumbList","@id":"https:\/\/lacanonicasuite.it\/contatti\/#breadcrumb","itemListElement":[{"@type":"ListItem","position":1,"name":"Home","item":"https:\/\/lacanonicasuite.it\/de\/"},{"@type":"ListItem","position":2,"name":"Kontakt"}]},{"@type":"WebSite","@id":"https:\/\/lacanonicasuite.it\/#website","url":"https:\/\/lacanonicasuite.it\/","name":"La Canonica","description":"suite apartments","publisher":{"@id":"https:\/\/lacanonicasuite.it\/#organization"},"potentialAction":[{"@type":"SearchAction","target":{"@type":"EntryPoint","urlTemplate":"https:\/\/lacanonicasuite.it\/?s={search_term_string}"},"query-input":"required name=search_term_string"}],"inLanguage":"de"},{"@type":"Organization","@id":"https:\/\/lacanonicasuite.it\/#organization","name":"La Canonica","url":"https:\/\/lacanonicasuite.it\/","logo":{"@type":"ImageObject","inLanguage":"de","@id":"https:\/\/lacanonicasuite.it\/#\/schema\/logo\/image\/","url":"https:\/\/lacanonicasuite.it\/wp-content\/uploads\/2023\/02\/LC.svg","contentUrl":"https:\/\/lacanonicasuite.it\/wp-content\/uploads\/2023\/02\/LC.svg","width":1,"height":1,"caption":"La Canonica"},"image":{"@id":"https:\/\/lacanonicasuite.it\/#\/schema\/logo\/image\/"}}]}},"_links":{"self":[{"href":"https:\/\/lacanonicasuite.it\/de\/wp-json\/wp\/v2\/pages\/5966"}],"collection":[{"href":"https:\/\/lacanonicasuite.it\/de\/wp-json\/wp\/v2\/pages"}],"about":[{"href":"https:\/\/lacanonicasuite.it\/de\/wp-json\/wp\/v2\/types\/page"}],"author":[{"embeddable":true,"href":"https:\/\/lacanonicasuite.it\/de\/wp-json\/wp\/v2\/users\/1"}],"replies":[{"embeddable":true,"href":"https:\/\/lacanonicasuite.it\/de\/wp-json\/wp\/v2\/comments?post=5966"}],"version-history":[{"count":1,"href":"https:\/\/lacanonicasuite.it\/de\/wp-json\/wp\/v2\/pages\/5966\/revisions"}],"predecessor-version":[{"id":6003,"href":"https:\/\/lacanonicasuite.it\/de\/wp-json\/wp\/v2\/pages\/5966\/revisions\/6003"}],"wp:attachment":[{"href":"https:\/\/lacanonicasuite.it\/de\/wp-json\/wp\/v2\/media?parent=5966"}],"curies":[{"name":"wp","href":"https:\/\/api.w.org\/{rel}","templated":true}]}}